{"id":120,"date":"2023-01-26T11:39:45","date_gmt":"2023-01-26T10:39:45","guid":{"rendered":"https:\/\/littlebokishop.fr\/?page_id=120"},"modified":"2023-01-26T11:41:43","modified_gmt":"2023-01-26T10:41:43","slug":"conditions-generales-de-vente","status":"publish","type":"page","link":"https:\/\/littlebokishop.fr\/index.php\/conditions-generales-de-vente\/","title":{"rendered":"Conditions G\u00e9n\u00e9rales de vente"},"content":{"rendered":"<h3 class=\"wp-block-heading\">1- Introduction<\/h3><p>Les pr\u00e9sentes conditions g\u00e9n\u00e9rales de vente r\u00e9gissent les relations commerciales entre, d\u2019une part : Little Boki Shop et toute personne souhaitant faire un achat sur le site&nbsp;<a href=\"http:\/\/www.littlebokishop.fr\/\">www.littlebokishop.fr<\/a>, d\u00e9nomm\u00e9 l\u2019acheteur.&nbsp;<\/p><p>Les pr\u00e9sentes conditions g\u00e9n\u00e9rales expriment l&rsquo;int\u00e9gralit\u00e9 des obligations des parties.<\/p><p>La validation de la commande par l\u2019acheteur implique son adh\u00e9sion enti\u00e8re et sans r\u00e9serve aux pr\u00e9sentes conditions g\u00e9n\u00e9rales de vente applicables \u00e0 la date de la commande, \u00e0 l&rsquo;exclusion de tous autres documents.<\/p><h3 class=\"wp-block-heading\">2- Informations produits<\/h3><p>Little Boki Shop veille \u00e0 la mise en ligne d&rsquo;informations relatives aux caract\u00e9ristiques essentielles des produits au moyen notamment de descriptifs techniques \u00e9manant de ses partenaires et fournisseurs et de photographies illustrant les produits et ce, dans la limite de la technique et dans le respect des meilleurs standards du march\u00e9.<br>Lorsque la provenance n&rsquo;est pas indiqu\u00e9 sur la fiche produits des v\u00eatements et accessoires, il s&rsquo;agit de pi\u00e8ces fabriqu\u00e9es en Chine.<br>Les produits venants d&rsquo;Italie ou de France sont identifi\u00e9 sur la fiche produit.\u00a0<\/p><h3 class=\"wp-block-heading\">3- Prix et modalit\u00e9s de paiement<\/h3><p>Les prix affich\u00e9s sur le Site sont indiqu\u00e9s en Euros (pour la France et les pays appartenant \u00e0 l\u2019Union Europ\u00e9enne). Les produits factur\u00e9s s\u2019entendent toutes taxes comprises (TTC), hors frais de livraison. Les prix factur\u00e9s au client sont ceux en vigueur \u00e0 la date de la commande.<\/p><p>Le paiement s\u2019effectue par carte bancaire.<\/p><h3 class=\"wp-block-heading\">4- Livraison et retours<\/h3><p>Les d\u00e9lais de livraison varient selon le service choisi au moment du paiement et selon la zone de livraison.&nbsp;<\/p><p><strong>Little Boki Shop&nbsp;<\/strong>ne peut pas \u00eatre tenu responsable de tout retard de commandes pour des raisons de retard de d\u00e9douanement ou op\u00e9rations de paiement.<\/p><p>Veuillez noter qu\u2019en cas de non-r\u00e9ception de votre commande, vous avez\u00a0<strong>30 jours<\/strong>\u00a0apr\u00e8s la date d\u2019envoi pour nous contacter.\u00a0<\/p><h3 class=\"wp-block-heading\">5- Droit de r\u00e9tractation. Satisfait ou rembours\u00e9<\/h3><p>Conform\u00e9ment \u00e0 l\u2019article L221-5 du code de la consommation, le d\u00e9lai de r\u00e9tractation est de 14 jours \u00e0 compter de la&nbsp;r\u00e9ception&nbsp;du colis par le client.&nbsp;Au del\u00e0 de ce d\u00e9lai les retours ne seront pas accept\u00e9s.&nbsp;<\/p><p>Le colis doit \u00eatre retourn\u00e9 dans les 14 jours suivant&nbsp;la&nbsp;r\u00e9ception&nbsp;du&nbsp;colis, le cachet de la poste faisant foi. Tous colis dont la date de livraison montre une date sup\u00e9rieure aux 14 jours seront refus\u00e9s.<\/p><p>Lorsque le d\u00e9lai de quatorze (14) jours expire un samedi, un dimanche ou un jour f\u00e9ri\u00e9 ou ch\u00f4m\u00e9, il est prorog\u00e9 jusqu\u2019au premier jour ouvrable suivant.<\/p><p>Les frais de retours sont \u00e0 la charge du client, c\u2019est \u00e0 dire que nous n\u2019envoyons pas de bon pr\u00e9pay\u00e9.&nbsp;<\/p><p>Les retours seront \u00e0 destination de :<\/p><p>Little Boki Shop<\/p><p>949 Route Nationale&nbsp;<\/p><p>83310 Grimaud&nbsp;<\/p><p>REFUS DE RETOUR<\/p><p>Little Boki Shop se r\u00e9serve le droit de refuser les retours dans les cas suivants:<\/p><p>&#8211; Quand l\u2019\u00e9tiquette de retour et le colis sont envoy\u00e9s au-del\u00e0 des 14 jours apr\u00e8s r\u00e9ception de votre colis&nbsp;<\/p><p>&#8211; Quand l\u2019article n\u2019est pas retourn\u00e9 dans son emballage original, en mauvais \u00e9tat&nbsp;, ou sans l\u2019\u00e9tiquette en place sur le produit.<\/p><p>&#8211; Tout achat en soldes, promotions, offres sp\u00e9ciales ou ventes priv\u00e9es sur le site\u00a0<a href=\"http:\/\/www.littlebokishop.fr\/\">www.littlebokishop.fr<\/a>\u00a0ne sera ni \u00e9chang\u00e9 ni rembours\u00e9.<\/p><h3 class=\"wp-block-heading\">6- Article d\u00e9fectueux <\/h3><p>Vous disposez de 3 jours maximum apr\u00e8s r\u00e9ception de votre commande pour nous informer d\u2019un d\u00e9faut sur un produit re\u00e7u.<\/p><p>Nous vous invitons dans ce cas, \u00e0 nous informer du d\u00e9faut en nous contactant par mail :&nbsp;<a href=\"mailto:littlebokishop@gmail.com\">littlebokishop@gmail.com<\/a>&nbsp;avec une photo du d\u00e9faut en plus de votre message.<\/p><p>Nous vous enverrons une nouvelle pi\u00e8ce si elle est encore en stock.<\/p><p>Dans le cas contraire, nous vous proposerons un avoir ou un remboursement du montant ou d&rsquo;une partie du montant de l\u2019article.&nbsp;<\/p><p>Attention, aucune r\u00e9clamation ne sera prise en compte si vous d\u00e9passez le d\u00e9lai de 3 jours apr\u00e8s r\u00e9ception de votre commande pour nous pr\u00e9venir d\u2019un \u00e9ventuel d\u00e9faut.<\/p><p>De la m\u00eame fa\u00e7on, aucune r\u00e9clamation ne sera prise en charge si la pi\u00e8ce a \u00e9t\u00e9 port\u00e9 et\/ou n\u2019a plus son \u00e9tiquette.<\/p>","protected":false},"excerpt":{"rendered":"<p>1- Introduction Les pr\u00e9sentes conditions g\u00e9n\u00e9rales de vente r\u00e9gissent les relations commerciales entre, d\u2019une part : Little Boki Shop et toute personne souhaitant faire un achat sur le site&nbsp;www.littlebokishop.fr, d\u00e9nomm\u00e9 l\u2019acheteur.&nbsp; Les pr\u00e9sentes conditions g\u00e9n\u00e9rales expriment l&rsquo;int\u00e9gralit\u00e9 des obligations des parties. La validation de la commande par l\u2019acheteur implique son adh\u00e9sion enti\u00e8re et sans r\u00e9serve [&hellip;]<\/p>\n","protected":false},"author":1,"featured_media":0,"parent":0,"menu_order":0,"comment_status":"closed","ping_status":"closed","template":"","meta":{"site-sidebar-layout":"default","site-content-layout":"","ast-site-content-layout":"default","site-content-style":"default","site-sidebar-style":"default","ast-global-header-display":"","ast-banner-title-visibility":"","ast-main-header-display":"","ast-hfb-above-header-display":"","ast-hfb-below-header-display":"","ast-hfb-mobile-header-display":"","site-post-title":"","ast-breadcrumbs-content":"","ast-featured-img":"","footer-sml-layout":"","ast-disable-related-posts":"","theme-transparent-header-meta":"","adv-header-id-meta":"","stick-header-meta":"","header-above-stick-meta":"","header-main-stick-meta":"","header-below-stick-meta":"","astra-migrate-meta-layouts":"default","ast-page-background-enabled":"default","ast-page-background-meta":{"desktop":{"background-color":"var(--ast-global-color-4)","background-image":"","background-repeat":"repeat","background-position":"center center","background-size":"auto","background-attachment":"scroll","background-type":"","background-media":"","overlay-type":"","overlay-color":"","overlay-opacity":"","overlay-gradient":""},"tablet":{"background-color":"","background-image":"","background-repeat":"repeat","background-position":"center center","background-size":"auto","background-attachment":"scroll","background-type":"","background-media":"","overlay-type":"","overlay-color":"","overlay-opacity":"","overlay-gradient":""},"mobile":{"background-color":"","background-image":"","background-repeat":"repeat","background-position":"center center","background-size":"auto","background-attachment":"scroll","background-type":"","background-media":"","overlay-type":"","overlay-color":"","overlay-opacity":"","overlay-gradient":""}},"ast-content-background-meta":{"desktop":{"background-color":"var(--ast-global-color-5)","background-image":"","background-repeat":"repeat","background-position":"center center","background-size":"auto","background-attachment":"scroll","background-type":"","background-media":"","overlay-type":"","overlay-color":"","overlay-opacity":"","overlay-gradient":""},"tablet":{"background-color":"var(--ast-global-color-5)","background-image":"","background-repeat":"repeat","background-position":"center center","background-size":"auto","background-attachment":"scroll","background-type":"","background-media":"","overlay-type":"","overlay-color":"","overlay-opacity":"","overlay-gradient":""},"mobile":{"background-color":"var(--ast-global-color-5)","background-image":"","background-repeat":"repeat","background-position":"center center","background-size":"auto","background-attachment":"scroll","background-type":"","background-media":"","overlay-type":"","overlay-color":"","overlay-opacity":"","overlay-gradient":""}},"footnotes":""},"class_list":["post-120","page","type-page","status-publish","hentry"],"_links":{"self":[{"href":"https:\/\/littlebokishop.fr\/index.php\/wp-json\/wp\/v2\/pages\/120","targetHints":{"allow":["GET"]}}],"collection":[{"href":"https:\/\/littlebokishop.fr\/index.php\/wp-json\/wp\/v2\/pages"}],"about":[{"href":"https:\/\/littlebokishop.fr\/index.php\/wp-json\/wp\/v2\/types\/page"}],"author":[{"embeddable":true,"href":"https:\/\/littlebokishop.fr\/index.php\/wp-json\/wp\/v2\/users\/1"}],"replies":[{"embeddable":true,"href":"https:\/\/littlebokishop.fr\/index.php\/wp-json\/wp\/v2\/comments?post=120"}],"version-history":[{"count":2,"href":"https:\/\/littlebokishop.fr\/index.php\/wp-json\/wp\/v2\/pages\/120\/revisions"}],"predecessor-version":[{"id":122,"href":"https:\/\/littlebokishop.fr\/index.php\/wp-json\/wp\/v2\/pages\/120\/revisions\/122"}],"wp:attachment":[{"href":"https:\/\/littlebokishop.fr\/index.php\/wp-json\/wp\/v2\/media?parent=120"}],"curies":[{"name":"wp","href":"https:\/\/api.w.org\/{rel}","templated":true}]}}